{"id":5714,"date":"2025-05-20T16:27:29","date_gmt":"2025-05-20T14:27:29","guid":{"rendered":"https:\/\/ports40.es\/basic-information-on-the-processing-of-personal-data\/"},"modified":"2025-09-29T11:37:20","modified_gmt":"2025-09-29T09:37:20","slug":"basic-information-on-the-processing-of-personal-data","status":"publish","type":"page","link":"https:\/\/ports40.es\/en\/basic-information-on-the-processing-of-personal-data\/","title":{"rendered":"Basic information on the processing of personal data"},"content":{"rendered":"<p><div class=\"fusion-fullwidth fullwidth-box fusion-builder-row-1 fusion-flex-container has-pattern-background has-mask-background nonhundred-percent-fullwidth non-hundred-percent-height-scrolling\" style=\"--awb-border-radius-top-left:0px;--awb-border-radius-top-right:0px;--awb-border-radius-bottom-right:0px;--awb-border-radius-bottom-left:0px;--awb-flex-wrap:wrap;\" ><div class=\"fusion-builder-row fusion-row fusion-flex-align-items-flex-start fusion-flex-content-wrap\" style=\"max-width:1248px;margin-left: calc(-4% \/ 2 );margin-right: calc(-4% \/ 2 );\"><div class=\"fusion-layout-column fusion_builder_column fusion-builder-column-0 fusion_builder_column_1_1 1_1 fusion-flex-column\" style=\"--awb-bg-size:cover;--awb-width-large:100%;--awb-spacing-right-large:1.92%;--awb-margin-bottom-large:0px;--awb-spacing-left-large:1.92%;--awb-width-medium:100%;--awb-order-medium:0;--awb-spacing-right-medium:1.92%;--awb-spacing-left-medium:1.92%;--awb-width-small:100%;--awb-order-small:0;--awb-spacing-right-small:1.92%;--awb-spacing-left-small:1.92%;\"><div class=\"fusion-column-wrapper fusion-column-has-shadow fusion-flex-justify-content-flex-start fusion-content-layout-column\"><div class=\"fusion-title title fusion-title-1 fusion-sep-none fusion-title-text fusion-title-size-four\"><h4 class=\"fusion-title-heading title-heading-left fusion-responsive-typography-calculated\" style=\"margin:0;--fontSize:30;line-height:1.4;\"><strong>INFORMATION CLAUSE REGISTRATION FORM<\/strong><\/h4><\/div><div class=\"fusion-text fusion-text-1\" style=\"--awb-margin-top:20px;\"><p><strong>*Informaci\u00f3n b\u00e1sica sobre el tratamiento de datos personales conforme al RGPD (UE) 2016\/679 y a la LOPDGDD 3\/2018.<\/strong><\/p>\n<p><strong>Responsable:<\/strong> Puertos del Estado. <strong>F<\/strong><strong>inalidad: <\/strong>Permite al interesado crear su cuenta de usuario para registrarse en el sitio web. <strong>Legitimaci\u00f3n: <\/strong>Consentimiento del interesado<strong>. Destinatarios:<\/strong> No se ceder\u00e1n datos a terceros, salvo obligaci\u00f3n legal. <strong>Derechos:<\/strong> Tiene derecho a acceder, rectificar y suprimir sus datos, as\u00ed como otros derechos, indicados en la informaci\u00f3n adicional, que puede ejercer dirigi\u00e9ndose a la direcci\u00f3n del responsable del tratamiento <a href=\"mailto:info@ports40.es\">info@ports40.es<\/a> <strong>Informaci\u00f3n adicional:<\/strong> Puede consultar la informaci\u00f3n adicional y detallada sobre Protecci\u00f3n de Datos en las cl\u00e1usulas anexas que se encuentran en <a href=\"https:\/\/ports40.es\/politica-de-privacidad\/\">https:\/\/ports40.es\/politica-de-privacidad<\/a><\/p>\n<\/div><\/div><\/div><\/div><\/div><div class=\"fusion-fullwidth fullwidth-box fusion-builder-row-2 fusion-flex-container has-pattern-background has-mask-background nonhundred-percent-fullwidth non-hundred-percent-height-scrolling\" style=\"--awb-border-radius-top-left:0px;--awb-border-radius-top-right:0px;--awb-border-radius-bottom-right:0px;--awb-border-radius-bottom-left:0px;--awb-flex-wrap:wrap;\" ><div class=\"fusion-builder-row fusion-row fusion-flex-align-items-flex-start fusion-flex-content-wrap\" style=\"max-width:1248px;margin-left: calc(-4% \/ 2 );margin-right: calc(-4% \/ 2 );\"><div class=\"fusion-layout-column fusion_builder_column fusion-builder-column-1 fusion_builder_column_1_1 1_1 fusion-flex-column\" style=\"--awb-bg-size:cover;--awb-width-large:100%;--awb-margin-top-large:49.4625px;--awb-spacing-right-large:1.92%;--awb-margin-bottom-large:0px;--awb-spacing-left-large:1.92%;--awb-width-medium:100%;--awb-order-medium:0;--awb-spacing-right-medium:1.92%;--awb-spacing-left-medium:1.92%;--awb-width-small:100%;--awb-order-small:0;--awb-spacing-right-small:1.92%;--awb-spacing-left-small:1.92%;\"><div class=\"fusion-column-wrapper fusion-column-has-shadow fusion-flex-justify-content-flex-start fusion-content-layout-column\"><div class=\"fusion-title title fusion-title-2 fusion-sep-none fusion-title-text fusion-title-size-four\"><h4 class=\"fusion-title-heading title-heading-left fusion-responsive-typography-calculated\" style=\"margin:0;--fontSize:30;line-height:1.4;\"><strong>INFORMATION CLAUSE CONTACT FORM<\/strong><\/h4><\/div><div class=\"fusion-text fusion-text-2\" style=\"--awb-margin-top:20px;\"><p><strong>*Informaci\u00f3n b\u00e1sica sobre el tratamiento de datos personales conforme al RGPD (UE) 2016\/679 y a la LOPDGDD 3\/2018.<\/strong><\/p>\n<p><strong>Responsable: <\/strong>Puertos del Estado.<strong> Finalidad:<\/strong> Contactar con el interesado. Enviar comunicaciones electr\u00f3nicas informativas relacionadas con el programa ports 4.0, siempre que haya consentido el tratamiento de sus datos personales para esta finalidad <strong>Legitimaci\u00f3n:<\/strong> Consentimiento del interesado. <strong>Destinatarios: <\/strong>No se ceder\u00e1n datos a terceros, salvo obligaci\u00f3n legal. <strong>Derechos:<\/strong> Tiene derecho a acceder, rectificar y suprimir sus datos, as\u00ed como otros derechos, indicados en la informaci\u00f3n adicional, que puede ejercer dirigi\u00e9ndose a la direcci\u00f3n del responsable del tratamiento <a href=\"mailto:info@ports40.es\">info@ports40.es<\/a> <strong>Informaci\u00f3n adicional:<\/strong> Puede consultar la informaci\u00f3n adicional y detallada sobre Protecci\u00f3n de Datos en las cl\u00e1usulas anexas que se encuentran en <a href=\"https:\/\/ports40.es\/politica-de-privacidad\/\">https:\/\/ports40.es\/politica-de-privacidad<\/a><\/p>\n<\/div><\/div><\/div><\/div><\/div><\/p>\n","protected":false},"excerpt":{"rendered":"","protected":false},"author":1,"featured_media":0,"parent":0,"menu_order":0,"comment_status":"closed","ping_status":"closed","template":"100-width.php","meta":{"_acf_changed":false,"footnotes":""},"class_list":["post-5714","page","type-page","status-publish","hentry"],"acf":[],"yoast_head":"<!-- This site is optimized with the Yoast SEO plugin v25.1 - https:\/\/yoast.com\/wordpress\/plugins\/seo\/ -->\n<title>Basic information on the processing of personal data - PORTS 4.0<\/title>\n<meta name=\"robots\" content=\"noindex, nofollow\" \/>\n<meta property=\"og:locale\" content=\"en_US\" \/>\n<meta property=\"og:type\" content=\"article\" \/>\n<meta property=\"og:title\" content=\"Basic information on the processing of personal data - PORTS 4.0\" \/>\n<meta property=\"og:url\" content=\"https:\/\/ports40.es\/en\/basic-information-on-the-processing-of-personal-data\/\" \/>\n<meta property=\"og:site_name\" content=\"PORTS 4.0\" \/>\n<meta property=\"article:modified_time\" content=\"2025-09-29T09:37:20+00:00\" \/>\n<meta name=\"twitter:card\" content=\"summary_large_image\" \/>\n<meta name=\"twitter:site\" content=\"@spainports40\" \/>\n<meta name=\"twitter:label1\" content=\"Est. reading time\" \/>\n\t<meta name=\"twitter:data1\" content=\"8 minutes\" \/>\n<script type=\"application\/ld+json\" class=\"yoast-schema-graph\">{\"@context\":\"https:\/\/schema.org\",\"@graph\":[{\"@type\":\"WebPage\",\"@id\":\"https:\/\/ports40.es\/en\/basic-information-on-the-processing-of-personal-data\/\",\"url\":\"https:\/\/ports40.es\/en\/basic-information-on-the-processing-of-personal-data\/\",\"name\":\"Basic information on the processing of personal data - PORTS 4.0\",\"isPartOf\":{\"@id\":\"https:\/\/ports40.es\/en\/#website\"},\"datePublished\":\"2025-05-20T14:27:29+00:00\",\"dateModified\":\"2025-09-29T09:37:20+00:00\",\"breadcrumb\":{\"@id\":\"https:\/\/ports40.es\/en\/basic-information-on-the-processing-of-personal-data\/#breadcrumb\"},\"inLanguage\":\"en-US\",\"potentialAction\":[{\"@type\":\"ReadAction\",\"target\":[\"https:\/\/ports40.es\/en\/basic-information-on-the-processing-of-personal-data\/\"]}]},{\"@type\":\"BreadcrumbList\",\"@id\":\"https:\/\/ports40.es\/en\/basic-information-on-the-processing-of-personal-data\/#breadcrumb\",\"itemListElement\":[{\"@type\":\"ListItem\",\"position\":1,\"name\":\"Inicio\",\"item\":\"https:\/\/ports40.es\/en\/ports-4-0\/\"},{\"@type\":\"ListItem\",\"position\":2,\"name\":\"Basic information on the processing of personal data\"}]},{\"@type\":\"WebSite\",\"@id\":\"https:\/\/ports40.es\/en\/#website\",\"url\":\"https:\/\/ports40.es\/en\/\",\"name\":\"PORTS 4.0\",\"description\":\"El Fondo Trade Tech de los Puertos Espa\u00f1oles\",\"publisher\":{\"@id\":\"https:\/\/ports40.es\/en\/#organization\"},\"potentialAction\":[{\"@type\":\"SearchAction\",\"target\":{\"@type\":\"EntryPoint\",\"urlTemplate\":\"https:\/\/ports40.es\/en\/?s={search_term_string}\"},\"query-input\":{\"@type\":\"PropertyValueSpecification\",\"valueRequired\":true,\"valueName\":\"search_term_string\"}}],\"inLanguage\":\"en-US\"},{\"@type\":\"Organization\",\"@id\":\"https:\/\/ports40.es\/en\/#organization\",\"name\":\"PORTS 4.0.\",\"alternateName\":\"El Fondo Trade Tech de los Puertos Espa\u00f1oles\",\"url\":\"https:\/\/ports40.es\/en\/\",\"logo\":{\"@type\":\"ImageObject\",\"inLanguage\":\"en-US\",\"@id\":\"https:\/\/ports40.es\/en\/#\/schema\/logo\/image\/\",\"url\":\"https:\/\/ports40.es\/wp-content\/uploads\/2024\/11\/iconox42.png\",\"contentUrl\":\"https:\/\/ports40.es\/wp-content\/uploads\/2024\/11\/iconox42.png\",\"width\":176,\"height\":171,\"caption\":\"PORTS 4.0.\"},\"image\":{\"@id\":\"https:\/\/ports40.es\/en\/#\/schema\/logo\/image\/\"},\"sameAs\":[\"https:\/\/x.com\/spainports40\",\"https:\/\/www.instagram.com\/spainports4.0\/\",\"https:\/\/www.youtube.com\/@ports4.076\",\"https:\/\/www.linkedin.com\/company\/ports-4-0\/\"]}]}<\/script>\n<!-- \/ Yoast SEO plugin. -->","yoast_head_json":{"title":"Basic information on the processing of personal data - PORTS 4.0","robots":{"index":"noindex","follow":"nofollow"},"og_locale":"en_US","og_type":"article","og_title":"Basic information on the processing of personal data - PORTS 4.0","og_url":"https:\/\/ports40.es\/en\/basic-information-on-the-processing-of-personal-data\/","og_site_name":"PORTS 4.0","article_modified_time":"2025-09-29T09:37:20+00:00","twitter_card":"summary_large_image","twitter_site":"@spainports40","twitter_misc":{"Est. reading time":"8 minutes"},"schema":{"@context":"https:\/\/schema.org","@graph":[{"@type":"WebPage","@id":"https:\/\/ports40.es\/en\/basic-information-on-the-processing-of-personal-data\/","url":"https:\/\/ports40.es\/en\/basic-information-on-the-processing-of-personal-data\/","name":"Basic information on the processing of personal data - PORTS 4.0","isPartOf":{"@id":"https:\/\/ports40.es\/en\/#website"},"datePublished":"2025-05-20T14:27:29+00:00","dateModified":"2025-09-29T09:37:20+00:00","breadcrumb":{"@id":"https:\/\/ports40.es\/en\/basic-information-on-the-processing-of-personal-data\/#breadcrumb"},"inLanguage":"en-US","potentialAction":[{"@type":"ReadAction","target":["https:\/\/ports40.es\/en\/basic-information-on-the-processing-of-personal-data\/"]}]},{"@type":"BreadcrumbList","@id":"https:\/\/ports40.es\/en\/basic-information-on-the-processing-of-personal-data\/#breadcrumb","itemListElement":[{"@type":"ListItem","position":1,"name":"Inicio","item":"https:\/\/ports40.es\/en\/ports-4-0\/"},{"@type":"ListItem","position":2,"name":"Basic information on the processing of personal data"}]},{"@type":"WebSite","@id":"https:\/\/ports40.es\/en\/#website","url":"https:\/\/ports40.es\/en\/","name":"PORTS 4.0","description":"El Fondo Trade Tech de los Puertos Espa\u00f1oles","publisher":{"@id":"https:\/\/ports40.es\/en\/#organization"},"potentialAction":[{"@type":"SearchAction","target":{"@type":"EntryPoint","urlTemplate":"https:\/\/ports40.es\/en\/?s={search_term_string}"},"query-input":{"@type":"PropertyValueSpecification","valueRequired":true,"valueName":"search_term_string"}}],"inLanguage":"en-US"},{"@type":"Organization","@id":"https:\/\/ports40.es\/en\/#organization","name":"PORTS 4.0.","alternateName":"El Fondo Trade Tech de los Puertos Espa\u00f1oles","url":"https:\/\/ports40.es\/en\/","logo":{"@type":"ImageObject","inLanguage":"en-US","@id":"https:\/\/ports40.es\/en\/#\/schema\/logo\/image\/","url":"https:\/\/ports40.es\/wp-content\/uploads\/2024\/11\/iconox42.png","contentUrl":"https:\/\/ports40.es\/wp-content\/uploads\/2024\/11\/iconox42.png","width":176,"height":171,"caption":"PORTS 4.0."},"image":{"@id":"https:\/\/ports40.es\/en\/#\/schema\/logo\/image\/"},"sameAs":["https:\/\/x.com\/spainports40","https:\/\/www.instagram.com\/spainports4.0\/","https:\/\/www.youtube.com\/@ports4.076","https:\/\/www.linkedin.com\/company\/ports-4-0\/"]}]}},"_links":{"self":[{"href":"https:\/\/ports40.es\/en\/wp-json\/wp\/v2\/pages\/5714","targetHints":{"allow":["GET"]}}],"collection":[{"href":"https:\/\/ports40.es\/en\/wp-json\/wp\/v2\/pages"}],"about":[{"href":"https:\/\/ports40.es\/en\/wp-json\/wp\/v2\/types\/page"}],"author":[{"embeddable":true,"href":"https:\/\/ports40.es\/en\/wp-json\/wp\/v2\/users\/1"}],"replies":[{"embeddable":true,"href":"https:\/\/ports40.es\/en\/wp-json\/wp\/v2\/comments?post=5714"}],"version-history":[{"count":6,"href":"https:\/\/ports40.es\/en\/wp-json\/wp\/v2\/pages\/5714\/revisions"}],"predecessor-version":[{"id":5888,"href":"https:\/\/ports40.es\/en\/wp-json\/wp\/v2\/pages\/5714\/revisions\/5888"}],"wp:attachment":[{"href":"https:\/\/ports40.es\/en\/wp-json\/wp\/v2\/media?parent=5714"}],"curies":[{"name":"wp","href":"https:\/\/api.w.org\/{rel}","templated":true}]}}